{"id":1169,"date":"2025-05-25T22:35:14","date_gmt":"2025-05-25T20:35:14","guid":{"rendered":"https:\/\/tech.ravicoote.de\/?page_id=1169"},"modified":"2025-08-09T14:19:33","modified_gmt":"2025-08-09T12:19:33","slug":"inspektion-eines-begruenten-daches-mittels-drohnenaufnahmen","status":"publish","type":"page","link":"https:\/\/tech.ravicoote.de\/index.php\/inspektion-eines-begruenten-daches-mittels-drohnenaufnahmen\/","title":{"rendered":"2025 Mai &#8211; Inspektion eines begr\u00fcnten Daches mittels Drohnenaufnahmen"},"content":{"rendered":"\n<p>Im Mai 2025 habe ich eine Reihe von Drohnenvideos f\u00fcr <strong>heygr\u00fcn <\/strong>(<a href=\"https:\/\/www.hey-gruen.de\/\" target=\"_blank\" rel=\"noreferrer noopener\">https:\/\/www.hey-gruen.de\/<\/a>) aufgenommen. Die Schritte waren im Einzelnen:<\/p>\n\n\n\n<ul>\n<li>Einholen der Flug- und Fotografieerlaubnis bei den verschiedenen Beh\u00f6rden (u. a. Bezirksregierung D\u00fcsseldorf, Stadt K\u00f6ln, Grundst\u00fccksbesitzer)<\/li>\n\n\n\n<li>Vorbereitung und Planung der Flugrouten<\/li>\n\n\n\n<li>Durchf\u00fchrung der Fl\u00fcge<\/li>\n\n\n\n<li>Videoschnitt<\/li>\n<\/ul>\n\n\n\n<figure class=\"wp-block-video\"><video autoplay controls src=\"https:\/\/tech.ravicoote.de\/wp-content\/uploads\/2025\/05\/MasterCut-Jugendhilfe-Ehrenfeld.mp4\"><\/video><\/figure>\n\n\n\n<blockquote class=\"wp-block-quote\">\n<p><strong>heygr\u00fcn <\/strong>ist eine Plattform f\u00fcr Dachbegr\u00fcnung. Sie bietet dem Hausbesitzer und Unternehmen ein einfaches, digitales Rundum-Sorglos-Angebot mit einem digitalen end-to-end Prozess. Dabei profitiert der Kunde von dem umfassenden Service durch Experten von der Planung und Beratung bis zur Installation und Pflege \u2013 Alles einfach, digital und unkompliziert.<\/p>\n<cite><a href=\"https:\/\/kuer.nrw\/\">KUER.NR<\/a><a href=\"https:\/\/kuer.nrw\/kuer-start-ups-hey-gruen\/\">W<\/a><\/cite><\/blockquote>\n\n\n\n<p>Ich bedanke mich f\u00fcr die tolle Zusammenarbeit mit Daniel Porzig, der den Kontakt hergestellt hat.<\/p>\n","protected":false},"excerpt":{"rendered":"<p>Im Mai 2025 habe ich eine Reihe von Drohnenvideos f\u00fcr heygr\u00fcn (https:\/\/www.hey-gruen.de\/) aufgenommen. Die Schritte waren im Einzelnen: heygr\u00fcn ist eine Plattform f\u00fcr Dachbegr\u00fcnung. Sie bietet dem Hausbesitzer und Unternehmen ein einfaches, digitales Rundum-Sorglos-Angebot mit &hellip;<\/p>\n","protected":false},"author":1,"featured_media":0,"parent":0,"menu_order":0,"comment_status":"closed","ping_status":"closed","template":"","meta":{"footnotes":"","_glsr_average":0,"_glsr_ranking":0,"_glsr_reviews":0},"yoast_head":"<!-- This site is optimized with the Yoast SEO plugin v20.8 - https:\/\/yoast.com\/wordpress\/plugins\/seo\/ -->\n<title>2025 Mai - Inspektion eines begr\u00fcnten Daches mittels Drohnenaufnahmen - Creative Blog<\/title>\n<meta name=\"robots\" content=\"noindex, follow, max-snippet:-1, max-image-preview:large, max-video-preview:-1\" \/>\n<meta property=\"og:locale\" content=\"de_DE\" \/>\n<meta property=\"og:type\" content=\"article\" \/>\n<meta property=\"og:title\" content=\"2025 Mai - Inspektion eines begr\u00fcnten Daches mittels Drohnenaufnahmen - Creative Blog\" \/>\n<meta property=\"og:description\" content=\"Im Mai 2025 habe ich eine Reihe von Drohnenvideos f\u00fcr heygr\u00fcn (https:\/\/www.hey-gruen.de\/) aufgenommen. Die Schritte waren im Einzelnen: heygr\u00fcn ist eine Plattform f\u00fcr Dachbegr\u00fcnung. Sie bietet dem Hausbesitzer und Unternehmen ein einfaches, digitales Rundum-Sorglos-Angebot mit &hellip;\" \/>\n<meta property=\"og:url\" content=\"https:\/\/tech.ravicoote.de\/index.php\/inspektion-eines-begruenten-daches-mittels-drohnenaufnahmen\/\" \/>\n<meta property=\"og:site_name\" content=\"Creative Blog\" \/>\n<meta property=\"article:modified_time\" content=\"2025-08-09T12:19:33+00:00\" \/>\n<meta name=\"twitter:card\" content=\"summary_large_image\" \/>\n<meta name=\"twitter:label1\" content=\"Gesch\u00e4tzte Lesezeit\" \/>\n\t<meta name=\"twitter:data1\" content=\"1 Minute\" \/>\n<script type=\"application\/ld+json\" class=\"yoast-schema-graph\">{\"@context\":\"https:\/\/schema.org\",\"@graph\":[{\"@type\":\"WebPage\",\"@id\":\"https:\/\/tech.ravicoote.de\/index.php\/inspektion-eines-begruenten-daches-mittels-drohnenaufnahmen\/\",\"url\":\"https:\/\/tech.ravicoote.de\/index.php\/inspektion-eines-begruenten-daches-mittels-drohnenaufnahmen\/\",\"name\":\"2025 Mai - Inspektion eines begr\u00fcnten Daches mittels Drohnenaufnahmen - Creative Blog\",\"isPartOf\":{\"@id\":\"https:\/\/tech.ravicoote.de\/#website\"},\"datePublished\":\"2025-05-25T20:35:14+00:00\",\"dateModified\":\"2025-08-09T12:19:33+00:00\",\"breadcrumb\":{\"@id\":\"https:\/\/tech.ravicoote.de\/index.php\/inspektion-eines-begruenten-daches-mittels-drohnenaufnahmen\/#breadcrumb\"},\"inLanguage\":\"de-DE\",\"potentialAction\":[{\"@type\":\"ReadAction\",\"target\":[\"https:\/\/tech.ravicoote.de\/index.php\/inspektion-eines-begruenten-daches-mittels-drohnenaufnahmen\/\"]}]},{\"@type\":\"BreadcrumbList\",\"@id\":\"https:\/\/tech.ravicoote.de\/index.php\/inspektion-eines-begruenten-daches-mittels-drohnenaufnahmen\/#breadcrumb\",\"itemListElement\":[{\"@type\":\"ListItem\",\"position\":1,\"name\":\"Startseite\",\"item\":\"https:\/\/tech.ravicoote.de\/\"},{\"@type\":\"ListItem\",\"position\":2,\"name\":\"2025 Mai &#8211; Inspektion eines begr\u00fcnten Daches mittels Drohnenaufnahmen\"}]},{\"@type\":\"WebSite\",\"@id\":\"https:\/\/tech.ravicoote.de\/#website\",\"url\":\"https:\/\/tech.ravicoote.de\/\",\"name\":\"Creative Blog\",\"description\":\"A few Creative Projects\",\"potentialAction\":[{\"@type\":\"SearchAction\",\"target\":{\"@type\":\"EntryPoint\",\"urlTemplate\":\"https:\/\/tech.ravicoote.de\/?s={search_term_string}\"},\"query-input\":\"required name=search_term_string\"}],\"inLanguage\":\"de-DE\"}]}<\/script>\n<!-- \/ Yoast SEO plugin. -->","yoast_head_json":{"title":"2025 Mai - Inspektion eines begr\u00fcnten Daches mittels Drohnenaufnahmen - Creative Blog","robots":{"index":"noindex","follow":"follow","max-snippet":"max-snippet:-1","max-image-preview":"max-image-preview:large","max-video-preview":"max-video-preview:-1"},"og_locale":"de_DE","og_type":"article","og_title":"2025 Mai - Inspektion eines begr\u00fcnten Daches mittels Drohnenaufnahmen - Creative Blog","og_description":"Im Mai 2025 habe ich eine Reihe von Drohnenvideos f\u00fcr heygr\u00fcn (https:\/\/www.hey-gruen.de\/) aufgenommen. Die Schritte waren im Einzelnen: heygr\u00fcn ist eine Plattform f\u00fcr Dachbegr\u00fcnung. Sie bietet dem Hausbesitzer und Unternehmen ein einfaches, digitales Rundum-Sorglos-Angebot mit &hellip;","og_url":"https:\/\/tech.ravicoote.de\/index.php\/inspektion-eines-begruenten-daches-mittels-drohnenaufnahmen\/","og_site_name":"Creative Blog","article_modified_time":"2025-08-09T12:19:33+00:00","twitter_card":"summary_large_image","twitter_misc":{"Gesch\u00e4tzte Lesezeit":"1 Minute"},"schema":{"@context":"https:\/\/schema.org","@graph":[{"@type":"WebPage","@id":"https:\/\/tech.ravicoote.de\/index.php\/inspektion-eines-begruenten-daches-mittels-drohnenaufnahmen\/","url":"https:\/\/tech.ravicoote.de\/index.php\/inspektion-eines-begruenten-daches-mittels-drohnenaufnahmen\/","name":"2025 Mai - Inspektion eines begr\u00fcnten Daches mittels Drohnenaufnahmen - Creative Blog","isPartOf":{"@id":"https:\/\/tech.ravicoote.de\/#website"},"datePublished":"2025-05-25T20:35:14+00:00","dateModified":"2025-08-09T12:19:33+00:00","breadcrumb":{"@id":"https:\/\/tech.ravicoote.de\/index.php\/inspektion-eines-begruenten-daches-mittels-drohnenaufnahmen\/#breadcrumb"},"inLanguage":"de-DE","potentialAction":[{"@type":"ReadAction","target":["https:\/\/tech.ravicoote.de\/index.php\/inspektion-eines-begruenten-daches-mittels-drohnenaufnahmen\/"]}]},{"@type":"BreadcrumbList","@id":"https:\/\/tech.ravicoote.de\/index.php\/inspektion-eines-begruenten-daches-mittels-drohnenaufnahmen\/#breadcrumb","itemListElement":[{"@type":"ListItem","position":1,"name":"Startseite","item":"https:\/\/tech.ravicoote.de\/"},{"@type":"ListItem","position":2,"name":"2025 Mai &#8211; Inspektion eines begr\u00fcnten Daches mittels Drohnenaufnahmen"}]},{"@type":"WebSite","@id":"https:\/\/tech.ravicoote.de\/#website","url":"https:\/\/tech.ravicoote.de\/","name":"Creative Blog","description":"A few Creative Projects","potentialAction":[{"@type":"SearchAction","target":{"@type":"EntryPoint","urlTemplate":"https:\/\/tech.ravicoote.de\/?s={search_term_string}"},"query-input":"required name=search_term_string"}],"inLanguage":"de-DE"}]}},"_links":{"self":[{"href":"https:\/\/tech.ravicoote.de\/index.php\/wp-json\/wp\/v2\/pages\/1169"}],"collection":[{"href":"https:\/\/tech.ravicoote.de\/index.php\/wp-json\/wp\/v2\/pages"}],"about":[{"href":"https:\/\/tech.ravicoote.de\/index.php\/wp-json\/wp\/v2\/types\/page"}],"author":[{"embeddable":true,"href":"https:\/\/tech.ravicoote.de\/index.php\/wp-json\/wp\/v2\/users\/1"}],"replies":[{"embeddable":true,"href":"https:\/\/tech.ravicoote.de\/index.php\/wp-json\/wp\/v2\/comments?post=1169"}],"version-history":[{"count":29,"href":"https:\/\/tech.ravicoote.de\/index.php\/wp-json\/wp\/v2\/pages\/1169\/revisions"}],"predecessor-version":[{"id":1241,"href":"https:\/\/tech.ravicoote.de\/index.php\/wp-json\/wp\/v2\/pages\/1169\/revisions\/1241"}],"wp:attachment":[{"href":"https:\/\/tech.ravicoote.de\/index.php\/wp-json\/wp\/v2\/media?parent=1169"}],"curies":[{"name":"wp","href":"https:\/\/api.w.org\/{rel}","templated":true}]}}