{"id":1225,"date":"2025-07-20T13:54:07","date_gmt":"2025-07-20T11:54:07","guid":{"rendered":"https:\/\/tech.ravicoote.de\/?page_id=1225"},"modified":"2025-08-09T14:19:06","modified_gmt":"2025-08-09T12:19:06","slug":"camping-platz-guelser-bogen-in-koblenz","status":"publish","type":"page","link":"https:\/\/tech.ravicoote.de\/index.php\/camping-platz-guelser-bogen-in-koblenz\/","title":{"rendered":"2025 Juni &#8211; Camping-Platz G\u00fclser Bogen in Koblenz"},"content":{"rendered":"\n<p>Im Juli 2025 habe ich eine Reihe von Drohnenvideos f\u00fcr den <strong>Camping-Platz G\u00fclser Bogen <\/strong>(<a href=\"https:\/\/moselbogen.de\/\" target=\"_blank\" rel=\"noreferrer noopener\">https:\/\/moselbogen.de\/<\/a>) aufgenommen. Die Schritte waren im Einzelnen:<\/p>\n\n\n\n<ul>\n<li>Einholen der Flug- und Fotografieerlaubnis bei den verschiedenen Beh\u00f6rden (u. a.  Stadt Koblenz, Grundst\u00fccksbesitzer)<\/li>\n\n\n\n<li>Koordination mit lokalen Flugpl\u00e4tzen w\u00e4hrend des Drehs<\/li>\n\n\n\n<li>Vorbereitung und Planung der Flugrouten<\/li>\n\n\n\n<li>Durchf\u00fchrung der Fl\u00fcge<\/li>\n\n\n\n<li>Videoschnitt<\/li>\n<\/ul>\n\n\n\n<figure class=\"wp-block-video\"><video autoplay controls loop src=\"https:\/\/tech.ravicoote.de\/wp-content\/uploads\/2025\/07\/MasterCut-Guelser-BOgen.mp4\"><\/video><\/figure>\n","protected":false},"excerpt":{"rendered":"<p>Im Juli 2025 habe ich eine Reihe von Drohnenvideos f\u00fcr den Camping-Platz G\u00fclser Bogen (https:\/\/moselbogen.de\/) aufgenommen. Die Schritte waren im Einzelnen:<\/p>\n","protected":false},"author":1,"featured_media":0,"parent":0,"menu_order":0,"comment_status":"closed","ping_status":"closed","template":"","meta":{"footnotes":"","_glsr_average":0,"_glsr_ranking":0,"_glsr_reviews":0},"yoast_head":"<!-- This site is optimized with the Yoast SEO plugin v20.8 - https:\/\/yoast.com\/wordpress\/plugins\/seo\/ -->\n<title>2025 Juni - Camping-Platz G\u00fclser Bogen in Koblenz - Creative Blog<\/title>\n<meta name=\"robots\" content=\"noindex, follow, max-snippet:-1, max-image-preview:large, max-video-preview:-1\" \/>\n<meta property=\"og:locale\" content=\"de_DE\" \/>\n<meta property=\"og:type\" content=\"article\" \/>\n<meta property=\"og:title\" content=\"2025 Juni - Camping-Platz G\u00fclser Bogen in Koblenz - Creative Blog\" \/>\n<meta property=\"og:description\" content=\"Im Juli 2025 habe ich eine Reihe von Drohnenvideos f\u00fcr den Camping-Platz G\u00fclser Bogen (https:\/\/moselbogen.de\/) aufgenommen. Die Schritte waren im Einzelnen:\" \/>\n<meta property=\"og:url\" content=\"https:\/\/tech.ravicoote.de\/index.php\/camping-platz-guelser-bogen-in-koblenz\/\" \/>\n<meta property=\"og:site_name\" content=\"Creative Blog\" \/>\n<meta property=\"article:modified_time\" content=\"2025-08-09T12:19:06+00:00\" \/>\n<meta name=\"twitter:card\" content=\"summary_large_image\" \/>\n<meta name=\"twitter:label1\" content=\"Gesch\u00e4tzte Lesezeit\" \/>\n\t<meta name=\"twitter:data1\" content=\"1 Minute\" \/>\n<script type=\"application\/ld+json\" class=\"yoast-schema-graph\">{\"@context\":\"https:\/\/schema.org\",\"@graph\":[{\"@type\":\"WebPage\",\"@id\":\"https:\/\/tech.ravicoote.de\/index.php\/camping-platz-guelser-bogen-in-koblenz\/\",\"url\":\"https:\/\/tech.ravicoote.de\/index.php\/camping-platz-guelser-bogen-in-koblenz\/\",\"name\":\"2025 Juni - Camping-Platz G\u00fclser Bogen in Koblenz - Creative Blog\",\"isPartOf\":{\"@id\":\"https:\/\/tech.ravicoote.de\/#website\"},\"datePublished\":\"2025-07-20T11:54:07+00:00\",\"dateModified\":\"2025-08-09T12:19:06+00:00\",\"breadcrumb\":{\"@id\":\"https:\/\/tech.ravicoote.de\/index.php\/camping-platz-guelser-bogen-in-koblenz\/#breadcrumb\"},\"inLanguage\":\"de-DE\",\"potentialAction\":[{\"@type\":\"ReadAction\",\"target\":[\"https:\/\/tech.ravicoote.de\/index.php\/camping-platz-guelser-bogen-in-koblenz\/\"]}]},{\"@type\":\"BreadcrumbList\",\"@id\":\"https:\/\/tech.ravicoote.de\/index.php\/camping-platz-guelser-bogen-in-koblenz\/#breadcrumb\",\"itemListElement\":[{\"@type\":\"ListItem\",\"position\":1,\"name\":\"Startseite\",\"item\":\"https:\/\/tech.ravicoote.de\/\"},{\"@type\":\"ListItem\",\"position\":2,\"name\":\"2025 Juni &#8211; Camping-Platz G\u00fclser Bogen in Koblenz\"}]},{\"@type\":\"WebSite\",\"@id\":\"https:\/\/tech.ravicoote.de\/#website\",\"url\":\"https:\/\/tech.ravicoote.de\/\",\"name\":\"Creative Blog\",\"description\":\"A few Creative Projects\",\"potentialAction\":[{\"@type\":\"SearchAction\",\"target\":{\"@type\":\"EntryPoint\",\"urlTemplate\":\"https:\/\/tech.ravicoote.de\/?s={search_term_string}\"},\"query-input\":\"required name=search_term_string\"}],\"inLanguage\":\"de-DE\"}]}<\/script>\n<!-- \/ Yoast SEO plugin. -->","yoast_head_json":{"title":"2025 Juni - Camping-Platz G\u00fclser Bogen in Koblenz - Creative Blog","robots":{"index":"noindex","follow":"follow","max-snippet":"max-snippet:-1","max-image-preview":"max-image-preview:large","max-video-preview":"max-video-preview:-1"},"og_locale":"de_DE","og_type":"article","og_title":"2025 Juni - Camping-Platz G\u00fclser Bogen in Koblenz - Creative Blog","og_description":"Im Juli 2025 habe ich eine Reihe von Drohnenvideos f\u00fcr den Camping-Platz G\u00fclser Bogen (https:\/\/moselbogen.de\/) aufgenommen. Die Schritte waren im Einzelnen:","og_url":"https:\/\/tech.ravicoote.de\/index.php\/camping-platz-guelser-bogen-in-koblenz\/","og_site_name":"Creative Blog","article_modified_time":"2025-08-09T12:19:06+00:00","twitter_card":"summary_large_image","twitter_misc":{"Gesch\u00e4tzte Lesezeit":"1 Minute"},"schema":{"@context":"https:\/\/schema.org","@graph":[{"@type":"WebPage","@id":"https:\/\/tech.ravicoote.de\/index.php\/camping-platz-guelser-bogen-in-koblenz\/","url":"https:\/\/tech.ravicoote.de\/index.php\/camping-platz-guelser-bogen-in-koblenz\/","name":"2025 Juni - Camping-Platz G\u00fclser Bogen in Koblenz - Creative Blog","isPartOf":{"@id":"https:\/\/tech.ravicoote.de\/#website"},"datePublished":"2025-07-20T11:54:07+00:00","dateModified":"2025-08-09T12:19:06+00:00","breadcrumb":{"@id":"https:\/\/tech.ravicoote.de\/index.php\/camping-platz-guelser-bogen-in-koblenz\/#breadcrumb"},"inLanguage":"de-DE","potentialAction":[{"@type":"ReadAction","target":["https:\/\/tech.ravicoote.de\/index.php\/camping-platz-guelser-bogen-in-koblenz\/"]}]},{"@type":"BreadcrumbList","@id":"https:\/\/tech.ravicoote.de\/index.php\/camping-platz-guelser-bogen-in-koblenz\/#breadcrumb","itemListElement":[{"@type":"ListItem","position":1,"name":"Startseite","item":"https:\/\/tech.ravicoote.de\/"},{"@type":"ListItem","position":2,"name":"2025 Juni &#8211; Camping-Platz G\u00fclser Bogen in Koblenz"}]},{"@type":"WebSite","@id":"https:\/\/tech.ravicoote.de\/#website","url":"https:\/\/tech.ravicoote.de\/","name":"Creative Blog","description":"A few Creative Projects","potentialAction":[{"@type":"SearchAction","target":{"@type":"EntryPoint","urlTemplate":"https:\/\/tech.ravicoote.de\/?s={search_term_string}"},"query-input":"required name=search_term_string"}],"inLanguage":"de-DE"}]}},"_links":{"self":[{"href":"https:\/\/tech.ravicoote.de\/index.php\/wp-json\/wp\/v2\/pages\/1225"}],"collection":[{"href":"https:\/\/tech.ravicoote.de\/index.php\/wp-json\/wp\/v2\/pages"}],"about":[{"href":"https:\/\/tech.ravicoote.de\/index.php\/wp-json\/wp\/v2\/types\/page"}],"author":[{"embeddable":true,"href":"https:\/\/tech.ravicoote.de\/index.php\/wp-json\/wp\/v2\/users\/1"}],"replies":[{"embeddable":true,"href":"https:\/\/tech.ravicoote.de\/index.php\/wp-json\/wp\/v2\/comments?post=1225"}],"version-history":[{"count":9,"href":"https:\/\/tech.ravicoote.de\/index.php\/wp-json\/wp\/v2\/pages\/1225\/revisions"}],"predecessor-version":[{"id":1240,"href":"https:\/\/tech.ravicoote.de\/index.php\/wp-json\/wp\/v2\/pages\/1225\/revisions\/1240"}],"wp:attachment":[{"href":"https:\/\/tech.ravicoote.de\/index.php\/wp-json\/wp\/v2\/media?parent=1225"}],"curies":[{"name":"wp","href":"https:\/\/api.w.org\/{rel}","templated":true}]}}