{"id":124,"date":"2021-05-24T11:02:50","date_gmt":"2021-05-24T09:02:50","guid":{"rendered":"http:\/\/www.informatikbonn.de\/wordpress\/?page_id=124"},"modified":"2026-02-18T20:28:09","modified_gmt":"2026-02-18T19:28:09","slug":"kontakt","status":"publish","type":"page","link":"https:\/\/tech.ravicoote.de\/index.php\/kontakt\/","title":{"rendered":"Kontakt \/ Anfrage"},"content":{"rendered":"\n<h3 class=\"wp-block-heading\">Kontaktformular<\/h3>\n\n\n\n<div class=\"wp-block-contact-form-7-contact-form-selector\"><div role=\"form\" class=\"wpcf7\" id=\"wpcf7-f205-o1\" lang=\"de-DE\" dir=\"ltr\">\n<div class=\"screen-reader-response\"><p role=\"status\" aria-live=\"polite\" aria-atomic=\"true\"><\/p> <ul><\/ul><\/div>\n<form action=\"\/index.php\/wp-json\/wp\/v2\/pages\/124#wpcf7-f205-o1\" method=\"post\" class=\"wpcf7-form init\" novalidate=\"novalidate\" data-status=\"init\">\n<div style=\"display: none;\">\n<input type=\"hidden\" name=\"_wpcf7\" value=\"205\" \/>\n<input type=\"hidden\" name=\"_wpcf7_version\" value=\"5.6.2\" \/>\n<input type=\"hidden\" name=\"_wpcf7_locale\" value=\"de_DE\" \/>\n<input type=\"hidden\" name=\"_wpcf7_unit_tag\" value=\"wpcf7-f205-o1\" \/>\n<input type=\"hidden\" name=\"_wpcf7_container_post\" value=\"0\" \/>\n<input type=\"hidden\" name=\"_wpcf7_posted_data_hash\" value=\"\" \/>\n<\/div>\n<p>Bitte gib mir ein paar Informationen:<\/p>\n<p>Vorname*:<br \/>\n    <span class=\"wpcf7-form-control-wrap\" data-name=\"vorname\"><input type=\"text\" name=\"vorname\" value=\"\" size=\"40\" class=\"wpcf7-form-control wpcf7-text wpcf7-validates-as-required\" aria-required=\"true\" aria-invalid=\"false\" \/><\/span><\/p>\n<p>Nachname*:<br \/>\n    <span class=\"wpcf7-form-control-wrap\" data-name=\"nachname\"><input type=\"text\" name=\"nachname\" value=\"\" size=\"40\" class=\"wpcf7-form-control wpcf7-text wpcf7-validates-as-required\" aria-required=\"true\" aria-invalid=\"false\" \/><\/span> <\/p>\n<p>Alter*:<br \/>\n    <span class=\"wpcf7-form-control-wrap\" data-name=\"alter\"><input type=\"text\" name=\"alter\" value=\"\" size=\"40\" class=\"wpcf7-form-control wpcf7-text wpcf7-validates-as-required\" aria-required=\"true\" aria-invalid=\"false\" \/><\/span> <\/p>\n<p>Wohnort*:<br \/>\n    <span class=\"wpcf7-form-control-wrap\" data-name=\"ort\"><input type=\"text\" name=\"ort\" value=\"\" size=\"40\" class=\"wpcf7-form-control wpcf7-text wpcf7-validates-as-required\" aria-required=\"true\" aria-invalid=\"false\" \/><\/span> <\/p>\n<p>Telefonnummer f\u00fcr den R\u00fcckruf*:<br \/>\n    <span class=\"wpcf7-form-control-wrap\" data-name=\"telefonnummer\"><input type=\"text\" name=\"telefonnummer\" value=\"\" size=\"40\" class=\"wpcf7-form-control wpcf7-text wpcf7-validates-as-required\" aria-required=\"true\" aria-invalid=\"false\" \/><\/span> <\/p>\n<p>Bildungsgang\/ Klasse bzw. Studiengang *:<br \/>\n    <span class=\"wpcf7-form-control-wrap\" data-name=\"bildungsgang\"><input type=\"text\" name=\"bildungsgang\" value=\"\" size=\"40\" class=\"wpcf7-form-control wpcf7-text wpcf7-validates-as-required\" aria-required=\"true\" aria-invalid=\"false\" \/><\/span> <\/p>\n<p>Dein Ziel \/ Problemstellung:<br \/>\n    <span class=\"wpcf7-form-control-wrap\" data-name=\"problem\"><input type=\"text\" name=\"problem\" value=\"\" size=\"40\" class=\"wpcf7-form-control wpcf7-text wpcf7-validates-as-required\" aria-required=\"true\" aria-invalid=\"false\" \/><\/span> <\/p>\n<p>E-Mail*:<br \/>\n    <span class=\"wpcf7-form-control-wrap\" data-name=\"email\"><input type=\"email\" name=\"email\" value=\"\" size=\"40\" class=\"wpcf7-form-control wpcf7-text wpcf7-email wpcf7-validates-as-required wpcf7-validates-as-email\" aria-required=\"true\" aria-invalid=\"false\" \/><\/span> <\/p>\n<p>Angebot gefunden \u00fcber:<br \/>\n<span class=\"wpcf7-form-control-wrap\" data-name=\"quelle\"><select name=\"quelle\" class=\"wpcf7-form-control wpcf7-select\" aria-invalid=\"false\"><option value=\"\">---<\/option><option value=\"Google\">Google<\/option><option value=\"Ebay Kleinanzeigen\">Ebay Kleinanzeigen<\/option><option value=\"Andere\">Andere<\/option><\/select><\/span>\n<\/p>\n<p>Die mit einem Stern (*) markierten Angaben sind notwendig.<\/p>\n<p><input type=\"submit\" value=\"Anfrage absenden\" class=\"wpcf7-form-control has-spinner wpcf7-submit\" \/><\/p>\n<div class=\"wpcf7-response-output\" aria-hidden=\"true\"><\/div><\/form><\/div><\/div>\n\n\n\n<p><\/p>\n\n\n\n<h2 class=\"wp-block-heading\">Bildnachweise<\/h2>\n\n\n\n<p>Es werden ausschlie\u00dflich Bilder verwendet, f\u00fcr die eine g\u00fcltige Lizenz vorliegt.<\/p>\n","protected":false},"excerpt":{"rendered":"<p>Kontaktformular Bildnachweise Es werden ausschlie\u00dflich Bilder verwendet, f\u00fcr die eine g\u00fcltige Lizenz vorliegt.<\/p>\n","protected":false},"author":1,"featured_media":0,"parent":0,"menu_order":100,"comment_status":"closed","ping_status":"closed","template":"","meta":{"footnotes":"","_glsr_average":0,"_glsr_ranking":0,"_glsr_reviews":0},"yoast_head":"<!-- This site is optimized with the Yoast SEO plugin v20.8 - https:\/\/yoast.com\/wordpress\/plugins\/seo\/ -->\n<title>Kontakt \/ Anfrage - Creative Blog<\/title>\n<meta name=\"robots\" content=\"noindex, follow, max-snippet:-1, max-image-preview:large, max-video-preview:-1\" \/>\n<meta property=\"og:locale\" content=\"de_DE\" \/>\n<meta property=\"og:type\" content=\"article\" \/>\n<meta property=\"og:title\" content=\"Kontakt \/ Anfrage - Creative Blog\" \/>\n<meta property=\"og:description\" content=\"Kontaktformular Bildnachweise Es werden ausschlie\u00dflich Bilder verwendet, f\u00fcr die eine g\u00fcltige Lizenz vorliegt.\" \/>\n<meta property=\"og:url\" content=\"https:\/\/tech.ravicoote.de\/index.php\/kontakt\/\" \/>\n<meta property=\"og:site_name\" content=\"Creative Blog\" \/>\n<meta property=\"article:modified_time\" content=\"2026-02-18T19:28:09+00:00\" \/>\n<meta name=\"twitter:card\" content=\"summary_large_image\" \/>\n<meta name=\"twitter:label1\" content=\"Gesch\u00e4tzte Lesezeit\" \/>\n\t<meta name=\"twitter:data1\" content=\"1 Minute\" \/>\n<script type=\"application\/ld+json\" class=\"yoast-schema-graph\">{\"@context\":\"https:\/\/schema.org\",\"@graph\":[{\"@type\":\"WebPage\",\"@id\":\"https:\/\/tech.ravicoote.de\/index.php\/kontakt\/\",\"url\":\"https:\/\/tech.ravicoote.de\/index.php\/kontakt\/\",\"name\":\"Kontakt \/ Anfrage - Creative Blog\",\"isPartOf\":{\"@id\":\"https:\/\/tech.ravicoote.de\/#website\"},\"datePublished\":\"2021-05-24T09:02:50+00:00\",\"dateModified\":\"2026-02-18T19:28:09+00:00\",\"breadcrumb\":{\"@id\":\"https:\/\/tech.ravicoote.de\/index.php\/kontakt\/#breadcrumb\"},\"inLanguage\":\"de-DE\",\"potentialAction\":[{\"@type\":\"ReadAction\",\"target\":[\"https:\/\/tech.ravicoote.de\/index.php\/kontakt\/\"]}]},{\"@type\":\"BreadcrumbList\",\"@id\":\"https:\/\/tech.ravicoote.de\/index.php\/kontakt\/#breadcrumb\",\"itemListElement\":[{\"@type\":\"ListItem\",\"position\":1,\"name\":\"Startseite\",\"item\":\"https:\/\/tech.ravicoote.de\/\"},{\"@type\":\"ListItem\",\"position\":2,\"name\":\"Kontakt \/ Anfrage\"}]},{\"@type\":\"WebSite\",\"@id\":\"https:\/\/tech.ravicoote.de\/#website\",\"url\":\"https:\/\/tech.ravicoote.de\/\",\"name\":\"Creative Blog\",\"description\":\"A few Creative Projects\",\"potentialAction\":[{\"@type\":\"SearchAction\",\"target\":{\"@type\":\"EntryPoint\",\"urlTemplate\":\"https:\/\/tech.ravicoote.de\/?s={search_term_string}\"},\"query-input\":\"required name=search_term_string\"}],\"inLanguage\":\"de-DE\"}]}<\/script>\n<!-- \/ Yoast SEO plugin. -->","yoast_head_json":{"title":"Kontakt \/ Anfrage - Creative Blog","robots":{"index":"noindex","follow":"follow","max-snippet":"max-snippet:-1","max-image-preview":"max-image-preview:large","max-video-preview":"max-video-preview:-1"},"og_locale":"de_DE","og_type":"article","og_title":"Kontakt \/ Anfrage - Creative Blog","og_description":"Kontaktformular Bildnachweise Es werden ausschlie\u00dflich Bilder verwendet, f\u00fcr die eine g\u00fcltige Lizenz vorliegt.","og_url":"https:\/\/tech.ravicoote.de\/index.php\/kontakt\/","og_site_name":"Creative Blog","article_modified_time":"2026-02-18T19:28:09+00:00","twitter_card":"summary_large_image","twitter_misc":{"Gesch\u00e4tzte Lesezeit":"1 Minute"},"schema":{"@context":"https:\/\/schema.org","@graph":[{"@type":"WebPage","@id":"https:\/\/tech.ravicoote.de\/index.php\/kontakt\/","url":"https:\/\/tech.ravicoote.de\/index.php\/kontakt\/","name":"Kontakt \/ Anfrage - Creative Blog","isPartOf":{"@id":"https:\/\/tech.ravicoote.de\/#website"},"datePublished":"2021-05-24T09:02:50+00:00","dateModified":"2026-02-18T19:28:09+00:00","breadcrumb":{"@id":"https:\/\/tech.ravicoote.de\/index.php\/kontakt\/#breadcrumb"},"inLanguage":"de-DE","potentialAction":[{"@type":"ReadAction","target":["https:\/\/tech.ravicoote.de\/index.php\/kontakt\/"]}]},{"@type":"BreadcrumbList","@id":"https:\/\/tech.ravicoote.de\/index.php\/kontakt\/#breadcrumb","itemListElement":[{"@type":"ListItem","position":1,"name":"Startseite","item":"https:\/\/tech.ravicoote.de\/"},{"@type":"ListItem","position":2,"name":"Kontakt \/ Anfrage"}]},{"@type":"WebSite","@id":"https:\/\/tech.ravicoote.de\/#website","url":"https:\/\/tech.ravicoote.de\/","name":"Creative Blog","description":"A few Creative Projects","potentialAction":[{"@type":"SearchAction","target":{"@type":"EntryPoint","urlTemplate":"https:\/\/tech.ravicoote.de\/?s={search_term_string}"},"query-input":"required name=search_term_string"}],"inLanguage":"de-DE"}]}},"_links":{"self":[{"href":"https:\/\/tech.ravicoote.de\/index.php\/wp-json\/wp\/v2\/pages\/124"}],"collection":[{"href":"https:\/\/tech.ravicoote.de\/index.php\/wp-json\/wp\/v2\/pages"}],"about":[{"href":"https:\/\/tech.ravicoote.de\/index.php\/wp-json\/wp\/v2\/types\/page"}],"author":[{"embeddable":true,"href":"https:\/\/tech.ravicoote.de\/index.php\/wp-json\/wp\/v2\/users\/1"}],"replies":[{"embeddable":true,"href":"https:\/\/tech.ravicoote.de\/index.php\/wp-json\/wp\/v2\/comments?post=124"}],"version-history":[{"count":20,"href":"https:\/\/tech.ravicoote.de\/index.php\/wp-json\/wp\/v2\/pages\/124\/revisions"}],"predecessor-version":[{"id":1254,"href":"https:\/\/tech.ravicoote.de\/index.php\/wp-json\/wp\/v2\/pages\/124\/revisions\/1254"}],"wp:attachment":[{"href":"https:\/\/tech.ravicoote.de\/index.php\/wp-json\/wp\/v2\/media?parent=124"}],"curies":[{"name":"wp","href":"https:\/\/api.w.org\/{rel}","templated":true}]}}