{"id":222,"date":"2021-06-13T10:58:25","date_gmt":"2021-06-13T08:58:25","guid":{"rendered":"http:\/\/www.informatikbonn.de\/wordpress\/?page_id=222"},"modified":"2026-02-18T20:31:37","modified_gmt":"2026-02-18T19:31:37","slug":"home","status":"publish","type":"page","link":"https:\/\/tech.ravicoote.de\/","title":{"rendered":"Home"},"content":{"rendered":"\n<h2 class=\"wp-block-heading\">Letzte Beitr\u00e4ge<\/h2>\n\n\n<ul class=\"wp-block-latest-posts__list has-dates has-author wp-block-latest-posts\"><li><a class=\"wp-block-latest-posts__post-title\" href=\"https:\/\/tech.ravicoote.de\/index.php\/2025\/06\/01\/weiterer-drohnenauftrag-durchgefuehrt\/\">Weiterer Drohnenauftrag durchgef\u00fchrt<\/a><div class=\"wp-block-latest-posts__post-author\">von rcoote<\/div><time datetime=\"2025-06-01T17:40:26+02:00\" class=\"wp-block-latest-posts__post-date\">1. Juni 2025<\/time><div class=\"wp-block-latest-posts__post-full-content\"><!-- wp:paragraph -->\n<p>Im Mai 2025 habe ich eine Reihe von Drohnenvideos f\u00fcr\u00a0<strong>heygr\u00fcn\u00a0<\/strong>(<a href=\"https:\/\/www.hey-gruen.de\/\" target=\"_blank\" rel=\"noreferrer noopener\">https:\/\/www.hey-gruen.de\/<\/a>\u00a0aufgenommen. Hier geht&#8217;s zur Seite: <a href=\"https:\/\/tech.ravicoote.de\/index.php\/inspektion-eines-begruenten-daches-mittels-drohnenaufnahmen\/\">Inspektion eines begr\u00fcnten Daches mittels Drohnenaufnahmen<\/a><\/p>\n<!-- \/wp:paragraph --><\/div><\/li>\n<li><a class=\"wp-block-latest-posts__post-title\" href=\"https:\/\/tech.ravicoote.de\/index.php\/2024\/04\/26\/nach-dem-ende-der-corona-pandemie-ist-hier-ruhe-eingekehrt\/\">Nach dem Ende der Corona-Pandemie ist hier Ruhe eingekehrt<\/a><div class=\"wp-block-latest-posts__post-author\">von rcoote<\/div><time datetime=\"2024-04-26T19:04:20+02:00\" class=\"wp-block-latest-posts__post-date\">26. April 2024<\/time><div class=\"wp-block-latest-posts__post-full-content\"><!-- wp:paragraph -->\n<p>Nach dem Ende der Corona-Pandemie ist hier Ruhe eingekehrt. Die Sch\u00fcler gehen wieder zur Schule und profitieren von dem direkten Unterricht durch die Lehrer. So ist auch der Bedarf an Remote-Nachhilfe gesunken und hier passiert daher momentan nicht viel. <\/p>\n<!-- \/wp:paragraph -->\n\n<!-- wp:paragraph -->\n<p>Ich freue mich, dass so vielen Sch\u00fclern und Studenten in der Corona-Krise helfen konnte!<\/p>\n<!-- \/wp:paragraph --><\/div><\/li>\n<li><a class=\"wp-block-latest-posts__post-title\" href=\"https:\/\/tech.ravicoote.de\/index.php\/en-gb\/2023\/08\/07\/starting-translations\/\">Starting translations<\/a><div class=\"wp-block-latest-posts__post-author\">von rcoote<\/div><time datetime=\"2023-08-07T13:41:34+02:00\" class=\"wp-block-latest-posts__post-date\">7. August 2023<\/time><div class=\"wp-block-latest-posts__post-full-content\"><!-- wp:paragraph -->\n<p>I am starting translations to offer tutoring also to English speaking students.<\/p>\n<!-- \/wp:paragraph --><\/div><\/li>\n<li><a class=\"wp-block-latest-posts__post-title\" href=\"https:\/\/tech.ravicoote.de\/index.php\/2021\/07\/04\/im-urlaub\/\">Im Urlaub<\/a><div class=\"wp-block-latest-posts__post-author\">von rcoote<\/div><time datetime=\"2021-07-04T09:39:15+02:00\" class=\"wp-block-latest-posts__post-date\">4. Juli 2021<\/time><div class=\"wp-block-latest-posts__post-full-content\"><!-- wp:paragraph -->\n<p>Wir sind vom 05.07 bis zum 10.07 im Urlaub. Ich w\u00fcnsche allen Sch\u00fclern und Studenten eine gute Vorbereitungszeit auf Ihre Pr\u00fcfungen!<\/p>\n<!-- \/wp:paragraph --><\/div><\/li>\n<li><a class=\"wp-block-latest-posts__post-title\" href=\"https:\/\/tech.ravicoote.de\/index.php\/2021\/05\/22\/inhalte-zu-nachhilfe-erstellt\/\">Inhalte zu Nachhilfe erstellt<\/a><div class=\"wp-block-latest-posts__post-author\">von rcoote<\/div><time datetime=\"2021-05-22T22:14:59+02:00\" class=\"wp-block-latest-posts__post-date\">22. Mai 2021<\/time><div class=\"wp-block-latest-posts__post-full-content\"><!-- wp:paragraph -->\n<p>Die Seite zu Nachhilfe wurde soeben erstellt.<\/p>\n<!-- \/wp:paragraph --><\/div><\/li>\n<\/ul>\n\n\n<h2 class=\"wp-block-heading\">Bewertungen<\/h2>\n\n\n<div class=\"glsr glsr-default\" id=\"glsr_3228173b\" data-from='block' data-shortcode='site_reviews'><div class=\"glsr-reviews-wrap\">\n    <div class=\"glsr-reviews\">\n        <div class=\"glsr-review\" data-type=\"local\" id=\"review-1222\" data-assigned='[]'>\n    <div class=\"glsr-review-title\"><h4 class=\"glsr-tag-value\">Super Aufnahmen<\/h4><\/div>\n    <div class=\"glsr-review-rating\"><div class=\"glsr-star-rating glsr-stars\" data-rating=\"5,0\" data-reviews=\"0\">\n    <span class=\"screen-reader-text\">Rated 5,0 out of 5<\/span>\n    <span class=\"glsr-star glsr-star-full\" aria-hidden=\"true\"><\/span><span class=\"glsr-star glsr-star-full\" aria-hidden=\"true\"><\/span><span class=\"glsr-star glsr-star-full\" aria-hidden=\"true\"><\/span><span class=\"glsr-star glsr-star-full\" aria-hidden=\"true\"><\/span><span class=\"glsr-star glsr-star-full\" aria-hidden=\"true\"><\/span>\n<\/div><\/div> <div class=\"glsr-review-date\"><span class=\"glsr-tag-value\">19. Juli 2025<\/span><\/div>\n    \n    <div class=\"glsr-review-content\"><div class=\"glsr-tag-value\" data-expanded='false'><p>Ravi war echt Klasse, er hat uns die Dronenaufnahmen sehr schnell zur Verf\u00fcgung gestellt und sie auch so bearbeitet, dass wir Sie gut f\u00fcr Webseite und Social Media nutzen konnten. Sehr netter Service.<\/p><\/div><\/div>\n     <div class=\"glsr-review-author\"><span class=\"glsr-tag-value\">Carina Fitzcharles<\/span><\/div> \n    \n<\/div>\n<div class=\"glsr-review\" data-type=\"local\" id=\"review-1183\" data-assigned='[]'>\n    <div class=\"glsr-review-title\"><h4 class=\"glsr-tag-value\">Professionelle Arbeit &#8211; Weiterempfehlung!<\/h4><\/div>\n    <div class=\"glsr-review-rating\"><div class=\"glsr-star-rating glsr-stars\" data-rating=\"5,0\" data-reviews=\"0\">\n    <span class=\"screen-reader-text\">Rated 5,0 out of 5<\/span>\n    <span class=\"glsr-star glsr-star-full\" aria-hidden=\"true\"><\/span><span class=\"glsr-star glsr-star-full\" aria-hidden=\"true\"><\/span><span class=\"glsr-star glsr-star-full\" aria-hidden=\"true\"><\/span><span class=\"glsr-star glsr-star-full\" aria-hidden=\"true\"><\/span><span class=\"glsr-star glsr-star-full\" aria-hidden=\"true\"><\/span>\n<\/div><\/div> <div class=\"glsr-review-date\"><span class=\"glsr-tag-value\">1. Juni 2025<\/span><\/div>\n    \n    <div class=\"glsr-review-content\"><div class=\"glsr-tag-value\" data-expanded='false'><p>Ich bin mit der Arbeit von Ravi super zufrieden. Er hat uns stets up-to-date gehalten, bei dem komplexen Prozess der Fluggenehmigung. Stets schnell geantwortet und das Ergebnis spricht f\u00fcr sich. Vielen Dank f\u00fcr deine Unterst\u00fctzung! Immer gerne wieder \ud83d\ude42<\/p><\/div><\/div>\n     <div class=\"glsr-review-author\"><span class=\"glsr-tag-value\">Daniel Porzig<\/span><\/div> \n    \n<\/div>\n<div class=\"glsr-review\" data-type=\"local\" id=\"review-728\" data-assigned='[]'>\n    <div class=\"glsr-review-title\"><h4 class=\"glsr-tag-value\">Eine gelungene Zusammenarbeit<\/h4><\/div>\n    <div class=\"glsr-review-rating\"><div class=\"glsr-star-rating glsr-stars\" data-rating=\"5,0\" data-reviews=\"0\">\n    <span class=\"screen-reader-text\">Rated 5,0 out of 5<\/span>\n    <span class=\"glsr-star glsr-star-full\" aria-hidden=\"true\"><\/span><span class=\"glsr-star glsr-star-full\" aria-hidden=\"true\"><\/span><span class=\"glsr-star glsr-star-full\" aria-hidden=\"true\"><\/span><span class=\"glsr-star glsr-star-full\" aria-hidden=\"true\"><\/span><span class=\"glsr-star glsr-star-full\" aria-hidden=\"true\"><\/span>\n<\/div><\/div> <div class=\"glsr-review-date\"><span class=\"glsr-tag-value\">8. Juni 2024<\/span><\/div>\n    \n    <div class=\"glsr-review-content\"><div class=\"glsr-tag-value\" data-expanded='false'><p class=\"glsr-hidden-text\" data-show-less='Weniger anzeigen' data-show-more='Mehr anzeigen' data-trigger='expand'>Ravi Coote hat ein 3D-Modell als Merchandise f\u00fcr eine Performance von mir umgesetzt. Das war wirklich toll und das Modell kam gut bei den Ausstellungsbesuchern an. Er hat sich viel Zeit genommen und jedes Detail mit mir abgesprochen, bis das Modell fertig war. Er hat die ganze Entwicklungszeit \u00fcber das Modell immer weiter in seiner<span class=\"glsr-hidden\"> Form und Stabilit\u00e4t perfektioniert, bis es der Performance und dem Original m\u00f6glichst \u00e4hnlich war. Ich kann eine Zusammenarbeit mit Ravi sehr empfehlen. Er ist sehr geduldig, gewissenhaft und hilfsbereit.<\/span><\/p><\/div><\/div>\n     <div class=\"glsr-review-author\"><span class=\"glsr-tag-value\">Johanna Sarah Schlenk<\/span><\/div> \n    \n<\/div>\n<div class=\"glsr-review\" data-type=\"local\" id=\"review-239\" data-assigned='[]'>\n    <div class=\"glsr-review-title\"><h4 class=\"glsr-tag-value\">Schnelle und gute Hilfe<\/h4><\/div>\n    <div class=\"glsr-review-rating\"><div class=\"glsr-star-rating glsr-stars\" data-rating=\"5,0\" data-reviews=\"0\">\n    <span class=\"screen-reader-text\">Rated 5,0 out of 5<\/span>\n    <span class=\"glsr-star glsr-star-full\" aria-hidden=\"true\"><\/span><span class=\"glsr-star glsr-star-full\" aria-hidden=\"true\"><\/span><span class=\"glsr-star glsr-star-full\" aria-hidden=\"true\"><\/span><span class=\"glsr-star glsr-star-full\" aria-hidden=\"true\"><\/span><span class=\"glsr-star glsr-star-full\" aria-hidden=\"true\"><\/span>\n<\/div><\/div> <div class=\"glsr-review-date\"><span class=\"glsr-tag-value\">13. Juni 2021<\/span><\/div>\n    \n    <div class=\"glsr-review-content\"><div class=\"glsr-tag-value\" data-expanded='false'><p>Kontaktaufnahme schnell und problemlos.<\/p>\n<p>Sehr kompetente Nachhhilfe. Kann ich jedem weiterempfehlen!<\/p><\/div><\/div>\n     <div class=\"glsr-review-author\"><span class=\"glsr-tag-value\">Janek<\/span><\/div> \n    \n<\/div>\n    <\/div>\n    \n<\/div><\/div>","protected":false},"excerpt":{"rendered":"<p>Letzte Beitr\u00e4ge Bewertungen<\/p>\n","protected":false},"author":1,"featured_media":0,"parent":0,"menu_order":0,"comment_status":"closed","ping_status":"closed","template":"","meta":{"footnotes":"","_glsr_average":0,"_glsr_ranking":0,"_glsr_reviews":0},"yoast_head":"<!-- This site is optimized with the Yoast SEO plugin v20.8 - https:\/\/yoast.com\/wordpress\/plugins\/seo\/ -->\n<title>Home - Creative Blog<\/title>\n<meta name=\"robots\" content=\"noindex, follow, max-snippet:-1, max-image-preview:large, max-video-preview:-1\" \/>\n<meta property=\"og:locale\" content=\"de_DE\" \/>\n<meta property=\"og:type\" content=\"article\" \/>\n<meta property=\"og:title\" content=\"Home - Creative Blog\" \/>\n<meta property=\"og:description\" content=\"Letzte Beitr\u00e4ge Bewertungen\" \/>\n<meta property=\"og:url\" content=\"https:\/\/tech.ravicoote.de\/\" \/>\n<meta property=\"og:site_name\" content=\"Creative Blog\" \/>\n<meta property=\"article:modified_time\" content=\"2026-02-18T19:31:37+00:00\" \/>\n<meta name=\"twitter:card\" content=\"summary_large_image\" \/>\n<meta name=\"twitter:label1\" content=\"Gesch\u00e4tzte Lesezeit\" \/>\n\t<meta name=\"twitter:data1\" content=\"1 Minute\" \/>\n<script type=\"application\/ld+json\" class=\"yoast-schema-graph\">{\"@context\":\"https:\/\/schema.org\",\"@graph\":[{\"@type\":\"WebPage\",\"@id\":\"https:\/\/tech.ravicoote.de\/\",\"url\":\"https:\/\/tech.ravicoote.de\/\",\"name\":\"Home - Creative Blog\",\"isPartOf\":{\"@id\":\"https:\/\/tech.ravicoote.de\/#website\"},\"datePublished\":\"2021-06-13T08:58:25+00:00\",\"dateModified\":\"2026-02-18T19:31:37+00:00\",\"breadcrumb\":{\"@id\":\"https:\/\/tech.ravicoote.de\/#breadcrumb\"},\"inLanguage\":\"de-DE\",\"potentialAction\":[{\"@type\":\"ReadAction\",\"target\":[\"https:\/\/tech.ravicoote.de\/\"]}]},{\"@type\":\"BreadcrumbList\",\"@id\":\"https:\/\/tech.ravicoote.de\/#breadcrumb\",\"itemListElement\":[{\"@type\":\"ListItem\",\"position\":1,\"name\":\"Startseite\",\"item\":\"https:\/\/tech.ravicoote.de\/\"},{\"@type\":\"ListItem\",\"position\":2,\"name\":\"Home\"}]},{\"@type\":\"WebSite\",\"@id\":\"https:\/\/tech.ravicoote.de\/#website\",\"url\":\"https:\/\/tech.ravicoote.de\/\",\"name\":\"Creative Blog\",\"description\":\"A few Creative Projects\",\"potentialAction\":[{\"@type\":\"SearchAction\",\"target\":{\"@type\":\"EntryPoint\",\"urlTemplate\":\"https:\/\/tech.ravicoote.de\/?s={search_term_string}\"},\"query-input\":\"required name=search_term_string\"}],\"inLanguage\":\"de-DE\"}]}<\/script>\n<!-- \/ Yoast SEO plugin. -->","yoast_head_json":{"title":"Home - Creative Blog","robots":{"index":"noindex","follow":"follow","max-snippet":"max-snippet:-1","max-image-preview":"max-image-preview:large","max-video-preview":"max-video-preview:-1"},"og_locale":"de_DE","og_type":"article","og_title":"Home - Creative Blog","og_description":"Letzte Beitr\u00e4ge Bewertungen","og_url":"https:\/\/tech.ravicoote.de\/","og_site_name":"Creative Blog","article_modified_time":"2026-02-18T19:31:37+00:00","twitter_card":"summary_large_image","twitter_misc":{"Gesch\u00e4tzte Lesezeit":"1 Minute"},"schema":{"@context":"https:\/\/schema.org","@graph":[{"@type":"WebPage","@id":"https:\/\/tech.ravicoote.de\/","url":"https:\/\/tech.ravicoote.de\/","name":"Home - Creative Blog","isPartOf":{"@id":"https:\/\/tech.ravicoote.de\/#website"},"datePublished":"2021-06-13T08:58:25+00:00","dateModified":"2026-02-18T19:31:37+00:00","breadcrumb":{"@id":"https:\/\/tech.ravicoote.de\/#breadcrumb"},"inLanguage":"de-DE","potentialAction":[{"@type":"ReadAction","target":["https:\/\/tech.ravicoote.de\/"]}]},{"@type":"BreadcrumbList","@id":"https:\/\/tech.ravicoote.de\/#breadcrumb","itemListElement":[{"@type":"ListItem","position":1,"name":"Startseite","item":"https:\/\/tech.ravicoote.de\/"},{"@type":"ListItem","position":2,"name":"Home"}]},{"@type":"WebSite","@id":"https:\/\/tech.ravicoote.de\/#website","url":"https:\/\/tech.ravicoote.de\/","name":"Creative Blog","description":"A few Creative Projects","potentialAction":[{"@type":"SearchAction","target":{"@type":"EntryPoint","urlTemplate":"https:\/\/tech.ravicoote.de\/?s={search_term_string}"},"query-input":"required name=search_term_string"}],"inLanguage":"de-DE"}]}},"_links":{"self":[{"href":"https:\/\/tech.ravicoote.de\/index.php\/wp-json\/wp\/v2\/pages\/222"}],"collection":[{"href":"https:\/\/tech.ravicoote.de\/index.php\/wp-json\/wp\/v2\/pages"}],"about":[{"href":"https:\/\/tech.ravicoote.de\/index.php\/wp-json\/wp\/v2\/types\/page"}],"author":[{"embeddable":true,"href":"https:\/\/tech.ravicoote.de\/index.php\/wp-json\/wp\/v2\/users\/1"}],"replies":[{"embeddable":true,"href":"https:\/\/tech.ravicoote.de\/index.php\/wp-json\/wp\/v2\/comments?post=222"}],"version-history":[{"count":18,"href":"https:\/\/tech.ravicoote.de\/index.php\/wp-json\/wp\/v2\/pages\/222\/revisions"}],"predecessor-version":[{"id":1221,"href":"https:\/\/tech.ravicoote.de\/index.php\/wp-json\/wp\/v2\/pages\/222\/revisions\/1221"}],"wp:attachment":[{"href":"https:\/\/tech.ravicoote.de\/index.php\/wp-json\/wp\/v2\/media?parent=222"}],"curies":[{"name":"wp","href":"https:\/\/api.w.org\/{rel}","templated":true}]}}