{"id":647,"date":"2024-05-24T13:56:06","date_gmt":"2024-05-24T11:56:06","guid":{"rendered":"https:\/\/tech.ravicoote.de\/?page_id=647"},"modified":"2025-08-09T14:21:05","modified_gmt":"2025-08-09T12:21:05","slug":"bau-und-basteltipps","status":"publish","type":"page","link":"https:\/\/tech.ravicoote.de\/index.php\/bau-und-basteltipps\/","title":{"rendered":"2021 &#8211; Bau und Basteltipps"},"content":{"rendered":"\n<h1 class=\"wp-block-heading\"><\/h1>\n\n\n\n<h2 class=\"wp-block-heading\" id=\"block-8b63b14d-abf8-4925-a1d6-3812fd6073da\">Regaltrenner aus Holz<\/h2>\n\n\n\n<p id=\"block-549f4d97-30c5-42ac-a40e-bc6bb4e5efb1\">Ein kleines 1-Nachmittagprojekt f\u00fcr die kalte Jahreszeit. Baut zusammen einen Regal-Trenner aus Pappelholz und erreiche die ultimative Ordnung in Mathe, Englisch, Bio und allen anderen F\u00e4chern. Ordnung ist das halbe Leben \ud83d\ude42<\/p>\n\n\n\n<figure class=\"wp-block-gallery has-nested-images columns-4 is-cropped wp-block-gallery-1 is-layout-flex wp-block-gallery-is-layout-flex\">\n<figure class=\"wp-block-image size-large\"><a href=\"https:\/\/tech.ravicoote.de\/wp-content\/uploads\/2024\/05\/Regaltrenner-v3-vorne.png\" target=\"_blank\" rel=\"noopener\"><img fetchpriority=\"high\" decoding=\"async\" width=\"1024\" height=\"471\" data-id=\"654\" src=\"https:\/\/tech.ravicoote.de\/wp-content\/uploads\/2024\/05\/Regaltrenner-v3-vorne-1024x471.png\" alt=\"\" class=\"wp-image-654\" srcset=\"https:\/\/tech.ravicoote.de\/wp-content\/uploads\/2024\/05\/Regaltrenner-v3-vorne-1024x471.png 1024w, https:\/\/tech.ravicoote.de\/wp-content\/uploads\/2024\/05\/Regaltrenner-v3-vorne-300x138.png 300w, https:\/\/tech.ravicoote.de\/wp-content\/uploads\/2024\/05\/Regaltrenner-v3-vorne-768x353.png 768w, https:\/\/tech.ravicoote.de\/wp-content\/uploads\/2024\/05\/Regaltrenner-v3-vorne.png 1508w\" sizes=\"(max-width: 1024px) 100vw, 1024px\" \/><\/a><figcaption class=\"wp-element-caption\">Ansicht von vorne<\/figcaption><\/figure>\n\n\n\n<figure class=\"wp-block-image size-large\"><a href=\"https:\/\/tech.ravicoote.de\/wp-content\/uploads\/2024\/05\/Regaltrenner-v3.png\" target=\"_blank\" rel=\"noopener\"><img decoding=\"async\" width=\"1024\" height=\"471\" data-id=\"656\" src=\"https:\/\/tech.ravicoote.de\/wp-content\/uploads\/2024\/05\/Regaltrenner-v3-1024x471.png\" alt=\"\" class=\"wp-image-656\" srcset=\"https:\/\/tech.ravicoote.de\/wp-content\/uploads\/2024\/05\/Regaltrenner-v3-1024x471.png 1024w, https:\/\/tech.ravicoote.de\/wp-content\/uploads\/2024\/05\/Regaltrenner-v3-300x138.png 300w, https:\/\/tech.ravicoote.de\/wp-content\/uploads\/2024\/05\/Regaltrenner-v3-768x353.png 768w, https:\/\/tech.ravicoote.de\/wp-content\/uploads\/2024\/05\/Regaltrenner-v3.png 1508w\" sizes=\"(max-width: 1024px) 100vw, 1024px\" \/><\/a><figcaption class=\"wp-element-caption\">Ansicht von rechts<\/figcaption><\/figure>\n\n\n\n<figure class=\"wp-block-image size-large\"><a href=\"https:\/\/tech.ravicoote.de\/wp-content\/uploads\/2024\/05\/Regaltrenner-v3-links-1.png\" target=\"_blank\" rel=\"noopener\"><img decoding=\"async\" width=\"1024\" height=\"471\" data-id=\"653\" src=\"https:\/\/tech.ravicoote.de\/wp-content\/uploads\/2024\/05\/Regaltrenner-v3-links-1-1024x471.png\" alt=\"\" class=\"wp-image-653\" srcset=\"https:\/\/tech.ravicoote.de\/wp-content\/uploads\/2024\/05\/Regaltrenner-v3-links-1-1024x471.png 1024w, https:\/\/tech.ravicoote.de\/wp-content\/uploads\/2024\/05\/Regaltrenner-v3-links-1-300x138.png 300w, https:\/\/tech.ravicoote.de\/wp-content\/uploads\/2024\/05\/Regaltrenner-v3-links-1-768x353.png 768w, https:\/\/tech.ravicoote.de\/wp-content\/uploads\/2024\/05\/Regaltrenner-v3-links-1.png 1508w\" sizes=\"(max-width: 1024px) 100vw, 1024px\" \/><\/a><figcaption class=\"wp-element-caption\">Ansicht von links<\/figcaption><\/figure>\n\n\n\n<figure class=\"wp-block-image size-large\"><a href=\"https:\/\/tech.ravicoote.de\/wp-content\/uploads\/2024\/05\/Regaltrenner-v3-hinten.png\" target=\"_blank\" rel=\"noopener\"><img loading=\"lazy\" decoding=\"async\" width=\"1024\" height=\"471\" data-id=\"652\" src=\"https:\/\/tech.ravicoote.de\/wp-content\/uploads\/2024\/05\/Regaltrenner-v3-hinten-1024x471.png\" alt=\"\" class=\"wp-image-652\" srcset=\"https:\/\/tech.ravicoote.de\/wp-content\/uploads\/2024\/05\/Regaltrenner-v3-hinten-1024x471.png 1024w, https:\/\/tech.ravicoote.de\/wp-content\/uploads\/2024\/05\/Regaltrenner-v3-hinten-300x138.png 300w, https:\/\/tech.ravicoote.de\/wp-content\/uploads\/2024\/05\/Regaltrenner-v3-hinten-768x353.png 768w, https:\/\/tech.ravicoote.de\/wp-content\/uploads\/2024\/05\/Regaltrenner-v3-hinten.png 1508w\" sizes=\"(max-width: 1024px) 100vw, 1024px\" \/><\/a><figcaption class=\"wp-element-caption\">Ansicht von hinten<\/figcaption><\/figure>\n<\/figure>\n\n\n\n<p>Das Modell wurde mit <a href=\"https:\/\/www.autodesk.de\/products\/fusion-360\/free-trial\" target=\"_blank\" rel=\"noreferrer noopener\">Autodesk Fusion 360 <\/a>erstellt.<\/p>\n\n\n\n<h3 class=\"wp-block-heading\" id=\"block-6ac4363e-2733-4221-a020-e8f6e6ccb040\">Was Du ben\u00f6tigst<\/h3>\n\n\n\n<p id=\"block-e6660fba-ab90-4d82-97bf-e81b9021d900\">Materialliste:<\/p>\n\n\n\n<ul id=\"block-c91783c7-4e3a-4be0-8c4c-379e77b4fe66\">\n<li>5mm Pappelholz (erh\u00e4ltlich z. B. bei OBI)<\/li>\n<\/ul>\n\n\n\n<h2 class=\"wp-block-heading\" id=\"block-f1964ddb-3413-4d2e-bd6f-bad3f65002ed\">Bausatz f\u00fcr einen Wecker mit Foto (in Arbeit)<\/h2>\n\n\n\n<p id=\"block-45eac0fb-2b5c-4e59-88c1-a6023bf28cf4\">Dies ist ein supercooles Geschenk f\u00fcr Deinen Sohn (oder nat\u00fcrlich Deine Tochter), wenn Du handwerklich etwas geschickt bist und mit dem L\u00f6tkolben umgehen kannst.<\/p>\n\n\n\n<h2 class=\"wp-block-heading\">Bausatz f\u00fcr eine Uhr mit R\u00f6hrenverst\u00e4rker-Lampen (sehr cool)<\/h2>\n\n\n\n<p>Hier zu finden:<\/p>\n\n\n\n<p><a href=\"http:\/\/grother.de\/\" target=\"_blank\" rel=\"noreferrer noopener\">http:\/\/grother.de\/<\/a><\/p>\n","protected":false},"excerpt":{"rendered":"<p>Regaltrenner aus Holz Ein kleines 1-Nachmittagprojekt f\u00fcr die kalte Jahreszeit. Baut zusammen einen Regal-Trenner aus Pappelholz und erreiche die ultimative Ordnung in Mathe, Englisch, Bio und allen anderen F\u00e4chern. Ordnung ist das halbe Leben \ud83d\ude42 &hellip;<\/p>\n","protected":false},"author":1,"featured_media":0,"parent":0,"menu_order":0,"comment_status":"closed","ping_status":"closed","template":"","meta":{"footnotes":"","_glsr_average":0,"_glsr_ranking":0,"_glsr_reviews":0},"yoast_head":"<!-- This site is optimized with the Yoast SEO plugin v20.8 - https:\/\/yoast.com\/wordpress\/plugins\/seo\/ -->\n<title>2021 - Bau und Basteltipps - Creative Blog<\/title>\n<meta name=\"robots\" content=\"noindex, follow, max-snippet:-1, max-image-preview:large, max-video-preview:-1\" \/>\n<meta property=\"og:locale\" content=\"de_DE\" \/>\n<meta property=\"og:type\" content=\"article\" \/>\n<meta property=\"og:title\" content=\"2021 - Bau und Basteltipps - Creative Blog\" \/>\n<meta property=\"og:description\" content=\"Regaltrenner aus Holz Ein kleines 1-Nachmittagprojekt f\u00fcr die kalte Jahreszeit. Baut zusammen einen Regal-Trenner aus Pappelholz und erreiche die ultimative Ordnung in Mathe, Englisch, Bio und allen anderen F\u00e4chern. Ordnung ist das halbe Leben \ud83d\ude42 &hellip;\" \/>\n<meta property=\"og:url\" content=\"https:\/\/tech.ravicoote.de\/index.php\/bau-und-basteltipps\/\" \/>\n<meta property=\"og:site_name\" content=\"Creative Blog\" \/>\n<meta property=\"article:modified_time\" content=\"2025-08-09T12:21:05+00:00\" \/>\n<meta property=\"og:image\" content=\"https:\/\/tech.ravicoote.de\/wp-content\/uploads\/2024\/05\/Regaltrenner-v3-vorne-1024x471.png\" \/>\n<meta name=\"twitter:card\" content=\"summary_large_image\" \/>\n<meta name=\"twitter:label1\" content=\"Gesch\u00e4tzte Lesezeit\" \/>\n\t<meta name=\"twitter:data1\" content=\"2 Minuten\" \/>\n<script type=\"application\/ld+json\" class=\"yoast-schema-graph\">{\"@context\":\"https:\/\/schema.org\",\"@graph\":[{\"@type\":\"WebPage\",\"@id\":\"https:\/\/tech.ravicoote.de\/index.php\/bau-und-basteltipps\/\",\"url\":\"https:\/\/tech.ravicoote.de\/index.php\/bau-und-basteltipps\/\",\"name\":\"2021 - Bau und Basteltipps - Creative Blog\",\"isPartOf\":{\"@id\":\"https:\/\/tech.ravicoote.de\/#website\"},\"datePublished\":\"2024-05-24T11:56:06+00:00\",\"dateModified\":\"2025-08-09T12:21:05+00:00\",\"breadcrumb\":{\"@id\":\"https:\/\/tech.ravicoote.de\/index.php\/bau-und-basteltipps\/#breadcrumb\"},\"inLanguage\":\"de-DE\",\"potentialAction\":[{\"@type\":\"ReadAction\",\"target\":[\"https:\/\/tech.ravicoote.de\/index.php\/bau-und-basteltipps\/\"]}]},{\"@type\":\"BreadcrumbList\",\"@id\":\"https:\/\/tech.ravicoote.de\/index.php\/bau-und-basteltipps\/#breadcrumb\",\"itemListElement\":[{\"@type\":\"ListItem\",\"position\":1,\"name\":\"Startseite\",\"item\":\"https:\/\/tech.ravicoote.de\/\"},{\"@type\":\"ListItem\",\"position\":2,\"name\":\"2021 &#8211; Bau und Basteltipps\"}]},{\"@type\":\"WebSite\",\"@id\":\"https:\/\/tech.ravicoote.de\/#website\",\"url\":\"https:\/\/tech.ravicoote.de\/\",\"name\":\"Creative Blog\",\"description\":\"A few Creative Projects\",\"potentialAction\":[{\"@type\":\"SearchAction\",\"target\":{\"@type\":\"EntryPoint\",\"urlTemplate\":\"https:\/\/tech.ravicoote.de\/?s={search_term_string}\"},\"query-input\":\"required name=search_term_string\"}],\"inLanguage\":\"de-DE\"}]}<\/script>\n<!-- \/ Yoast SEO plugin. -->","yoast_head_json":{"title":"2021 - Bau und Basteltipps - Creative Blog","robots":{"index":"noindex","follow":"follow","max-snippet":"max-snippet:-1","max-image-preview":"max-image-preview:large","max-video-preview":"max-video-preview:-1"},"og_locale":"de_DE","og_type":"article","og_title":"2021 - Bau und Basteltipps - Creative Blog","og_description":"Regaltrenner aus Holz Ein kleines 1-Nachmittagprojekt f\u00fcr die kalte Jahreszeit. Baut zusammen einen Regal-Trenner aus Pappelholz und erreiche die ultimative Ordnung in Mathe, Englisch, Bio und allen anderen F\u00e4chern. Ordnung ist das halbe Leben \ud83d\ude42 &hellip;","og_url":"https:\/\/tech.ravicoote.de\/index.php\/bau-und-basteltipps\/","og_site_name":"Creative Blog","article_modified_time":"2025-08-09T12:21:05+00:00","og_image":[{"url":"https:\/\/tech.ravicoote.de\/wp-content\/uploads\/2024\/05\/Regaltrenner-v3-vorne-1024x471.png"}],"twitter_card":"summary_large_image","twitter_misc":{"Gesch\u00e4tzte Lesezeit":"2 Minuten"},"schema":{"@context":"https:\/\/schema.org","@graph":[{"@type":"WebPage","@id":"https:\/\/tech.ravicoote.de\/index.php\/bau-und-basteltipps\/","url":"https:\/\/tech.ravicoote.de\/index.php\/bau-und-basteltipps\/","name":"2021 - Bau und Basteltipps - Creative Blog","isPartOf":{"@id":"https:\/\/tech.ravicoote.de\/#website"},"datePublished":"2024-05-24T11:56:06+00:00","dateModified":"2025-08-09T12:21:05+00:00","breadcrumb":{"@id":"https:\/\/tech.ravicoote.de\/index.php\/bau-und-basteltipps\/#breadcrumb"},"inLanguage":"de-DE","potentialAction":[{"@type":"ReadAction","target":["https:\/\/tech.ravicoote.de\/index.php\/bau-und-basteltipps\/"]}]},{"@type":"BreadcrumbList","@id":"https:\/\/tech.ravicoote.de\/index.php\/bau-und-basteltipps\/#breadcrumb","itemListElement":[{"@type":"ListItem","position":1,"name":"Startseite","item":"https:\/\/tech.ravicoote.de\/"},{"@type":"ListItem","position":2,"name":"2021 &#8211; Bau und Basteltipps"}]},{"@type":"WebSite","@id":"https:\/\/tech.ravicoote.de\/#website","url":"https:\/\/tech.ravicoote.de\/","name":"Creative Blog","description":"A few Creative Projects","potentialAction":[{"@type":"SearchAction","target":{"@type":"EntryPoint","urlTemplate":"https:\/\/tech.ravicoote.de\/?s={search_term_string}"},"query-input":"required name=search_term_string"}],"inLanguage":"de-DE"}]}},"_links":{"self":[{"href":"https:\/\/tech.ravicoote.de\/index.php\/wp-json\/wp\/v2\/pages\/647"}],"collection":[{"href":"https:\/\/tech.ravicoote.de\/index.php\/wp-json\/wp\/v2\/pages"}],"about":[{"href":"https:\/\/tech.ravicoote.de\/index.php\/wp-json\/wp\/v2\/types\/page"}],"author":[{"embeddable":true,"href":"https:\/\/tech.ravicoote.de\/index.php\/wp-json\/wp\/v2\/users\/1"}],"replies":[{"embeddable":true,"href":"https:\/\/tech.ravicoote.de\/index.php\/wp-json\/wp\/v2\/comments?post=647"}],"version-history":[{"count":17,"href":"https:\/\/tech.ravicoote.de\/index.php\/wp-json\/wp\/v2\/pages\/647\/revisions"}],"predecessor-version":[{"id":1244,"href":"https:\/\/tech.ravicoote.de\/index.php\/wp-json\/wp\/v2\/pages\/647\/revisions\/1244"}],"wp:attachment":[{"href":"https:\/\/tech.ravicoote.de\/index.php\/wp-json\/wp\/v2\/media?parent=647"}],"curies":[{"name":"wp","href":"https:\/\/api.w.org\/{rel}","templated":true}]}}