{"id":975,"date":"2024-07-07T14:44:47","date_gmt":"2024-07-07T12:44:47","guid":{"rendered":"https:\/\/tech.ravicoote.de\/?page_id=975"},"modified":"2025-08-09T14:20:00","modified_gmt":"2025-08-09T12:20:00","slug":"drohnenfotografie-fuer-die-sayner-huette","status":"publish","type":"page","link":"https:\/\/tech.ravicoote.de\/index.php\/drohnenfotografie-fuer-die-sayner-huette\/","title":{"rendered":"2024 Juli &#8211; Drohnenfotografie f\u00fcr die Sayner H\u00fctte"},"content":{"rendered":"\n<p>Im Juni 2024 habe ich eine Reihe von Drohnenvideos f\u00fcr die Sayner H\u00fctte aufgenommen. Die Schritte waren im Einzelnen:<\/p>\n\n\n\n<ul>\n<li>Einholen der Flug- und Fotografieerlaubnis<\/li>\n\n\n\n<li>Vorbereitung und Planung der Flugrouten<\/li>\n\n\n\n<li>Durchf\u00fchrung der Fl\u00fcge<\/li>\n\n\n\n<li>Videoschnitt<\/li>\n<\/ul>\n\n\n\n<figure class=\"wp-block-video\"><video autoplay controls preload=\"auto\" src=\"https:\/\/tech.ravicoote.de\/wp-content\/uploads\/2024\/06\/Master_Cut_Sayner_Huette.mp4\"><\/video><\/figure>\n\n\n\n<blockquote class=\"wp-block-quote\">\n<p>Die Sayner H\u00fctte ist ein ehemaliges H\u00fcttenwerk in Bendorf. Sie liegt im Stadtteil Sayn am gleichnamigen Fl\u00fcsschen und wurde in den Jahren 1769\u20131770 im Auftrag des Trierer Kurf\u00fcrsten Clemens Wenzeslaus von Sachsen durch den Berginspektor Heinrich Daniel Jacobi, Vater von Gottlob Jacobi, errichtet.&nbsp;<\/p>\n<cite>Quelle: <a href=\"https:\/\/de.wikipedia.org\/wiki\/Sayner_H%C3%BCtte\">Wikipedia<\/a><\/cite><\/blockquote>\n\n\n\n<p>Ich bedanke mich f\u00fcr die tolle Zusammenarbeit mit der Sayner H\u00fctte und bei Johanna Schlenk, die den Kontakt hergestellt hat.<\/p>\n","protected":false},"excerpt":{"rendered":"<p>Im Juni 2024 habe ich eine Reihe von Drohnenvideos f\u00fcr die Sayner H\u00fctte aufgenommen. Die Schritte waren im Einzelnen: Die Sayner H\u00fctte ist ein ehemaliges H\u00fcttenwerk in Bendorf. Sie liegt im Stadtteil Sayn am gleichnamigen &hellip;<\/p>\n","protected":false},"author":1,"featured_media":0,"parent":0,"menu_order":0,"comment_status":"closed","ping_status":"closed","template":"","meta":{"footnotes":"","_glsr_average":0,"_glsr_ranking":0,"_glsr_reviews":0},"yoast_head":"<!-- This site is optimized with the Yoast SEO plugin v20.8 - https:\/\/yoast.com\/wordpress\/plugins\/seo\/ -->\n<title>2024 Juli - Drohnenfotografie f\u00fcr die Sayner H\u00fctte - Creative Blog<\/title>\n<meta name=\"robots\" content=\"noindex, follow, max-snippet:-1, max-image-preview:large, max-video-preview:-1\" \/>\n<meta property=\"og:locale\" content=\"de_DE\" \/>\n<meta property=\"og:type\" content=\"article\" \/>\n<meta property=\"og:title\" content=\"2024 Juli - Drohnenfotografie f\u00fcr die Sayner H\u00fctte - Creative Blog\" \/>\n<meta property=\"og:description\" content=\"Im Juni 2024 habe ich eine Reihe von Drohnenvideos f\u00fcr die Sayner H\u00fctte aufgenommen. Die Schritte waren im Einzelnen: Die Sayner H\u00fctte ist ein ehemaliges H\u00fcttenwerk in Bendorf. Sie liegt im Stadtteil Sayn am gleichnamigen &hellip;\" \/>\n<meta property=\"og:url\" content=\"https:\/\/tech.ravicoote.de\/index.php\/drohnenfotografie-fuer-die-sayner-huette\/\" \/>\n<meta property=\"og:site_name\" content=\"Creative Blog\" \/>\n<meta property=\"article:modified_time\" content=\"2025-08-09T12:20:00+00:00\" \/>\n<meta name=\"twitter:card\" content=\"summary_large_image\" \/>\n<meta name=\"twitter:label1\" content=\"Gesch\u00e4tzte Lesezeit\" \/>\n\t<meta name=\"twitter:data1\" content=\"1 Minute\" \/>\n<script type=\"application\/ld+json\" class=\"yoast-schema-graph\">{\"@context\":\"https:\/\/schema.org\",\"@graph\":[{\"@type\":\"WebPage\",\"@id\":\"https:\/\/tech.ravicoote.de\/index.php\/drohnenfotografie-fuer-die-sayner-huette\/\",\"url\":\"https:\/\/tech.ravicoote.de\/index.php\/drohnenfotografie-fuer-die-sayner-huette\/\",\"name\":\"2024 Juli - Drohnenfotografie f\u00fcr die Sayner H\u00fctte - Creative Blog\",\"isPartOf\":{\"@id\":\"https:\/\/tech.ravicoote.de\/#website\"},\"datePublished\":\"2024-07-07T12:44:47+00:00\",\"dateModified\":\"2025-08-09T12:20:00+00:00\",\"breadcrumb\":{\"@id\":\"https:\/\/tech.ravicoote.de\/index.php\/drohnenfotografie-fuer-die-sayner-huette\/#breadcrumb\"},\"inLanguage\":\"de-DE\",\"potentialAction\":[{\"@type\":\"ReadAction\",\"target\":[\"https:\/\/tech.ravicoote.de\/index.php\/drohnenfotografie-fuer-die-sayner-huette\/\"]}]},{\"@type\":\"BreadcrumbList\",\"@id\":\"https:\/\/tech.ravicoote.de\/index.php\/drohnenfotografie-fuer-die-sayner-huette\/#breadcrumb\",\"itemListElement\":[{\"@type\":\"ListItem\",\"position\":1,\"name\":\"Startseite\",\"item\":\"https:\/\/tech.ravicoote.de\/\"},{\"@type\":\"ListItem\",\"position\":2,\"name\":\"2024 Juli &#8211; Drohnenfotografie f\u00fcr die Sayner H\u00fctte\"}]},{\"@type\":\"WebSite\",\"@id\":\"https:\/\/tech.ravicoote.de\/#website\",\"url\":\"https:\/\/tech.ravicoote.de\/\",\"name\":\"Creative Blog\",\"description\":\"A few Creative Projects\",\"potentialAction\":[{\"@type\":\"SearchAction\",\"target\":{\"@type\":\"EntryPoint\",\"urlTemplate\":\"https:\/\/tech.ravicoote.de\/?s={search_term_string}\"},\"query-input\":\"required name=search_term_string\"}],\"inLanguage\":\"de-DE\"}]}<\/script>\n<!-- \/ Yoast SEO plugin. -->","yoast_head_json":{"title":"2024 Juli - Drohnenfotografie f\u00fcr die Sayner H\u00fctte - Creative Blog","robots":{"index":"noindex","follow":"follow","max-snippet":"max-snippet:-1","max-image-preview":"max-image-preview:large","max-video-preview":"max-video-preview:-1"},"og_locale":"de_DE","og_type":"article","og_title":"2024 Juli - Drohnenfotografie f\u00fcr die Sayner H\u00fctte - Creative Blog","og_description":"Im Juni 2024 habe ich eine Reihe von Drohnenvideos f\u00fcr die Sayner H\u00fctte aufgenommen. Die Schritte waren im Einzelnen: Die Sayner H\u00fctte ist ein ehemaliges H\u00fcttenwerk in Bendorf. Sie liegt im Stadtteil Sayn am gleichnamigen &hellip;","og_url":"https:\/\/tech.ravicoote.de\/index.php\/drohnenfotografie-fuer-die-sayner-huette\/","og_site_name":"Creative Blog","article_modified_time":"2025-08-09T12:20:00+00:00","twitter_card":"summary_large_image","twitter_misc":{"Gesch\u00e4tzte Lesezeit":"1 Minute"},"schema":{"@context":"https:\/\/schema.org","@graph":[{"@type":"WebPage","@id":"https:\/\/tech.ravicoote.de\/index.php\/drohnenfotografie-fuer-die-sayner-huette\/","url":"https:\/\/tech.ravicoote.de\/index.php\/drohnenfotografie-fuer-die-sayner-huette\/","name":"2024 Juli - Drohnenfotografie f\u00fcr die Sayner H\u00fctte - Creative Blog","isPartOf":{"@id":"https:\/\/tech.ravicoote.de\/#website"},"datePublished":"2024-07-07T12:44:47+00:00","dateModified":"2025-08-09T12:20:00+00:00","breadcrumb":{"@id":"https:\/\/tech.ravicoote.de\/index.php\/drohnenfotografie-fuer-die-sayner-huette\/#breadcrumb"},"inLanguage":"de-DE","potentialAction":[{"@type":"ReadAction","target":["https:\/\/tech.ravicoote.de\/index.php\/drohnenfotografie-fuer-die-sayner-huette\/"]}]},{"@type":"BreadcrumbList","@id":"https:\/\/tech.ravicoote.de\/index.php\/drohnenfotografie-fuer-die-sayner-huette\/#breadcrumb","itemListElement":[{"@type":"ListItem","position":1,"name":"Startseite","item":"https:\/\/tech.ravicoote.de\/"},{"@type":"ListItem","position":2,"name":"2024 Juli &#8211; Drohnenfotografie f\u00fcr die Sayner H\u00fctte"}]},{"@type":"WebSite","@id":"https:\/\/tech.ravicoote.de\/#website","url":"https:\/\/tech.ravicoote.de\/","name":"Creative Blog","description":"A few Creative Projects","potentialAction":[{"@type":"SearchAction","target":{"@type":"EntryPoint","urlTemplate":"https:\/\/tech.ravicoote.de\/?s={search_term_string}"},"query-input":"required name=search_term_string"}],"inLanguage":"de-DE"}]}},"_links":{"self":[{"href":"https:\/\/tech.ravicoote.de\/index.php\/wp-json\/wp\/v2\/pages\/975"}],"collection":[{"href":"https:\/\/tech.ravicoote.de\/index.php\/wp-json\/wp\/v2\/pages"}],"about":[{"href":"https:\/\/tech.ravicoote.de\/index.php\/wp-json\/wp\/v2\/types\/page"}],"author":[{"embeddable":true,"href":"https:\/\/tech.ravicoote.de\/index.php\/wp-json\/wp\/v2\/users\/1"}],"replies":[{"embeddable":true,"href":"https:\/\/tech.ravicoote.de\/index.php\/wp-json\/wp\/v2\/comments?post=975"}],"version-history":[{"count":22,"href":"https:\/\/tech.ravicoote.de\/index.php\/wp-json\/wp\/v2\/pages\/975\/revisions"}],"predecessor-version":[{"id":1242,"href":"https:\/\/tech.ravicoote.de\/index.php\/wp-json\/wp\/v2\/pages\/975\/revisions\/1242"}],"wp:attachment":[{"href":"https:\/\/tech.ravicoote.de\/index.php\/wp-json\/wp\/v2\/media?parent=975"}],"curies":[{"name":"wp","href":"https:\/\/api.w.org\/{rel}","templated":true}]}}